{"id":2763,"date":"2025-03-03T12:02:50","date_gmt":"2025-03-03T17:02:50","guid":{"rendered":"https:\/\/cyberquebec.org\/qui-nous-sommes\/"},"modified":"2025-08-25T11:44:46","modified_gmt":"2025-08-25T15:44:46","slug":"about-us","status":"publish","type":"page","link":"https:\/\/cyberquebec.org\/en\/about-us\/","title":{"rendered":"About us"},"content":{"rendered":"","protected":false},"excerpt":{"rendered":"","protected":false},"author":1,"featured_media":0,"parent":0,"menu_order":3,"comment_status":"closed","ping_status":"closed","template":"page-templates\/a-propos.php","meta":{"_acf_changed":false,"footnotes":""},"class_list":["post-2763","page","type-page","status-publish","hentry"],"acf":[],"yoast_head":"<!-- This site is optimized with the Yoast SEO plugin v27.1.1 - https:\/\/yoast.com\/product\/yoast-seo-wordpress\/ -->\n<title>About Us \u2013 CyberQu\u00e9bec, CCTT Cybersecurity Member | CyberQu\u00e9bec<\/title>\n<meta name=\"description\" content=\"CyberQu\u00e9bec is the CCTT in cybersecurity. Our mission: make cybersecurity accessible, raise awareness, provide training, and support research and development.\" \/>\n<meta name=\"robots\" content=\"index, follow, max-snippet:-1, max-image-preview:large, max-video-preview:-1\" \/>\n<link rel=\"canonical\" href=\"https:\/\/cyberquebec.org\/en\/about-us\/\" \/>\n<meta property=\"og:locale\" content=\"en_US\" \/>\n<meta property=\"og:type\" content=\"article\" \/>\n<meta property=\"og:title\" content=\"About Us \u2013 CyberQu\u00e9bec, CCTT Cybersecurity Member | CyberQu\u00e9bec\" \/>\n<meta property=\"og:description\" content=\"CyberQu\u00e9bec is the CCTT in cybersecurity. Our mission: make cybersecurity accessible, raise awareness, provide training, and support research and development.\" \/>\n<meta property=\"og:url\" content=\"https:\/\/cyberquebec.org\/en\/about-us\/\" \/>\n<meta property=\"og:site_name\" content=\"CyberQu\u00e9bec\" \/>\n<meta property=\"article:modified_time\" content=\"2025-08-25T15:44:46+00:00\" \/>\n<meta name=\"twitter:card\" content=\"summary_large_image\" \/>\n<meta name=\"twitter:label1\" content=\"Est. reading time\" \/>\n\t<meta name=\"twitter:data1\" content=\"2 minutes\" \/>\n<script type=\"application\/ld+json\" class=\"yoast-schema-graph\">{\"@context\":\"https:\/\/schema.org\",\"@graph\":[{\"@type\":\"WebPage\",\"@id\":\"https:\/\/cyberquebec.org\/en\/about-us\/\",\"url\":\"https:\/\/cyberquebec.org\/en\/about-us\/\",\"name\":\"About Us \u2013 CyberQu\u00e9bec, CCTT Cybersecurity Member | CyberQu\u00e9bec\",\"isPartOf\":{\"@id\":\"https:\/\/cyberquebec.org\/en\/#website\"},\"datePublished\":\"2025-03-03T17:02:50+00:00\",\"dateModified\":\"2025-08-25T15:44:46+00:00\",\"description\":\"CyberQu\u00e9bec is the CCTT in cybersecurity. Our mission: make cybersecurity accessible, raise awareness, provide training, and support research and development.\",\"breadcrumb\":{\"@id\":\"https:\/\/cyberquebec.org\/en\/about-us\/#breadcrumb\"},\"inLanguage\":\"en-CA\",\"potentialAction\":[{\"@type\":\"ReadAction\",\"target\":[\"https:\/\/cyberquebec.org\/en\/about-us\/\"]}]},{\"@type\":\"BreadcrumbList\",\"@id\":\"https:\/\/cyberquebec.org\/en\/about-us\/#breadcrumb\",\"itemListElement\":[{\"@type\":\"ListItem\",\"position\":1,\"name\":\"Home\",\"item\":\"https:\/\/cyberquebec.org\/en\/\"},{\"@type\":\"ListItem\",\"position\":2,\"name\":\"About us\"}]},{\"@type\":\"WebSite\",\"@id\":\"https:\/\/cyberquebec.org\/en\/#website\",\"url\":\"https:\/\/cyberquebec.org\/en\/\",\"name\":\"CyberQu\u00e9bec\",\"description\":\"\",\"potentialAction\":[{\"@type\":\"SearchAction\",\"target\":{\"@type\":\"EntryPoint\",\"urlTemplate\":\"https:\/\/cyberquebec.org\/en\/?s={search_term_string}\"},\"query-input\":{\"@type\":\"PropertyValueSpecification\",\"valueRequired\":true,\"valueName\":\"search_term_string\"}}],\"inLanguage\":\"en-CA\"}]}<\/script>\n<!-- \/ Yoast SEO plugin. -->","yoast_head_json":{"title":"About Us \u2013 CyberQu\u00e9bec, CCTT Cybersecurity Member | CyberQu\u00e9bec","description":"CyberQu\u00e9bec is the CCTT in cybersecurity. Our mission: make cybersecurity accessible, raise awareness, provide training, and support research and development.","robots":{"index":"index","follow":"follow","max-snippet":"max-snippet:-1","max-image-preview":"max-image-preview:large","max-video-preview":"max-video-preview:-1"},"canonical":"https:\/\/cyberquebec.org\/en\/about-us\/","og_locale":"en_US","og_type":"article","og_title":"About Us \u2013 CyberQu\u00e9bec, CCTT Cybersecurity Member | CyberQu\u00e9bec","og_description":"CyberQu\u00e9bec is the CCTT in cybersecurity. Our mission: make cybersecurity accessible, raise awareness, provide training, and support research and development.","og_url":"https:\/\/cyberquebec.org\/en\/about-us\/","og_site_name":"CyberQu\u00e9bec","article_modified_time":"2025-08-25T15:44:46+00:00","twitter_card":"summary_large_image","twitter_misc":{"Est. reading time":"2 minutes"},"schema":{"@context":"https:\/\/schema.org","@graph":[{"@type":"WebPage","@id":"https:\/\/cyberquebec.org\/en\/about-us\/","url":"https:\/\/cyberquebec.org\/en\/about-us\/","name":"About Us \u2013 CyberQu\u00e9bec, CCTT Cybersecurity Member | CyberQu\u00e9bec","isPartOf":{"@id":"https:\/\/cyberquebec.org\/en\/#website"},"datePublished":"2025-03-03T17:02:50+00:00","dateModified":"2025-08-25T15:44:46+00:00","description":"CyberQu\u00e9bec is the CCTT in cybersecurity. Our mission: make cybersecurity accessible, raise awareness, provide training, and support research and development.","breadcrumb":{"@id":"https:\/\/cyberquebec.org\/en\/about-us\/#breadcrumb"},"inLanguage":"en-CA","potentialAction":[{"@type":"ReadAction","target":["https:\/\/cyberquebec.org\/en\/about-us\/"]}]},{"@type":"BreadcrumbList","@id":"https:\/\/cyberquebec.org\/en\/about-us\/#breadcrumb","itemListElement":[{"@type":"ListItem","position":1,"name":"Home","item":"https:\/\/cyberquebec.org\/en\/"},{"@type":"ListItem","position":2,"name":"About us"}]},{"@type":"WebSite","@id":"https:\/\/cyberquebec.org\/en\/#website","url":"https:\/\/cyberquebec.org\/en\/","name":"CyberQu\u00e9bec","description":"","potentialAction":[{"@type":"SearchAction","target":{"@type":"EntryPoint","urlTemplate":"https:\/\/cyberquebec.org\/en\/?s={search_term_string}"},"query-input":{"@type":"PropertyValueSpecification","valueRequired":true,"valueName":"search_term_string"}}],"inLanguage":"en-CA"}]}},"_links":{"self":[{"href":"https:\/\/cyberquebec.org\/en\/wp-json\/wp\/v2\/pages\/2763","targetHints":{"allow":["GET"]}}],"collection":[{"href":"https:\/\/cyberquebec.org\/en\/wp-json\/wp\/v2\/pages"}],"about":[{"href":"https:\/\/cyberquebec.org\/en\/wp-json\/wp\/v2\/types\/page"}],"author":[{"embeddable":true,"href":"https:\/\/cyberquebec.org\/en\/wp-json\/wp\/v2\/users\/1"}],"replies":[{"embeddable":true,"href":"https:\/\/cyberquebec.org\/en\/wp-json\/wp\/v2\/comments?post=2763"}],"version-history":[{"count":5,"href":"https:\/\/cyberquebec.org\/en\/wp-json\/wp\/v2\/pages\/2763\/revisions"}],"predecessor-version":[{"id":2847,"href":"https:\/\/cyberquebec.org\/en\/wp-json\/wp\/v2\/pages\/2763\/revisions\/2847"}],"wp:attachment":[{"href":"https:\/\/cyberquebec.org\/en\/wp-json\/wp\/v2\/media?parent=2763"}],"curies":[{"name":"wp","href":"https:\/\/api.w.org\/{rel}","templated":true}]}}